{"id":1479,"date":"2025-07-03T12:26:31","date_gmt":"2025-07-03T10:26:31","guid":{"rendered":"https:\/\/novalin.se\/om-hantverket\/"},"modified":"2026-04-28T08:03:36","modified_gmt":"2026-04-28T06:03:36","slug":"om-hantverket","status":"publish","type":"page","link":"https:\/\/novalin.se\/sv\/om-hantverket\/","title":{"rendered":"Om hantverket"},"content":{"rendered":"\t\t<div data-elementor-type=\"wp-page\" data-elementor-id=\"1479\" class=\"elementor elementor-1479 elementor-106\" data-elementor-post-type=\"page\">\n\t\t\t\t<div class=\"elementor-element elementor-element-ddd3eec e-con-full e-flex e-con e-parent\" data-id=\"ddd3eec\" data-element_type=\"container\" data-e-type=\"container\">\n\t\t<div class=\"elementor-element elementor-element-4d87474 e-con-full e-flex e-con e-child\" data-id=\"4d87474\" data-element_type=\"container\" data-e-type=\"container\" data-settings=\"{&quot;background_background&quot;:&quot;video&quot;,&quot;background_video_link&quot;:&quot;https:\\\/\\\/novalin.se\\\/wp-content\\\/uploads\\\/2025\\\/05\\\/4673935_Worcestershire_England_1280x720-1.mp4&quot;}\">\n\t\t<div class=\"elementor-background-video-container elementor-hidden-mobile\">\n\t\t\t\t\t\t\t<video class=\"elementor-background-video-hosted\" role=\"presentation\" autoplay muted playsinline loop><\/video>\n\t\t\t\t\t<\/div>\t\t<div class=\"elementor-element elementor-element-23330bd elementor-widget__width-initial elementor-widget elementor-widget-heading\" data-id=\"23330bd\" data-element_type=\"widget\" data-e-type=\"widget\" data-widget_type=\"heading.default\">\n\t\t\t\t<div class=\"elementor-widget-container\">\n\t\t\t\t\t<h1 class=\"elementor-heading-title elementor-size-default\">V\u00e4lkommen in i fabriken<\/h1>\t\t\t\t<\/div>\n\t\t\t\t<\/div>\n\t\t\t\t<\/div>\n\t\t<div class=\"elementor-element elementor-element-a0cb38a e-con-full e-flex e-con e-child\" data-id=\"a0cb38a\" data-element_type=\"container\" data-e-type=\"container\" data-settings=\"{&quot;background_background&quot;:&quot;classic&quot;}\">\n\t\t\t\t<div class=\"elementor-element elementor-element-9ccc8f6 elementor-widget elementor-widget-spacer\" data-id=\"9ccc8f6\" data-element_type=\"widget\" data-e-type=\"widget\" data-widget_type=\"spacer.default\">\n\t\t\t\t<div class=\"elementor-widget-container\">\n\t\t\t\t\t\t\t<div class=\"elementor-spacer\">\n\t\t\t<div class=\"elementor-spacer-inner\"><\/div>\n\t\t<\/div>\n\t\t\t\t\t\t<\/div>\n\t\t\t\t<\/div>\n\t\t\t\t<div class=\"elementor-element elementor-element-21ad2eb elementor-widget__width-initial elementor-widget elementor-widget-text-editor\" data-id=\"21ad2eb\" data-element_type=\"widget\" data-e-type=\"widget\" data-widget_type=\"text-editor.default\">\n\t\t\t\t<div class=\"elementor-widget-container\">\n\t\t\t\t\t\t\t\t\t<div><p>Sedan 1964 har v\u00e5rt varum\u00e4rke haft privilegiet att ha tillverkningen i v\u00e5r egen fabrik. Det ger oss en unik m\u00f6jlighet att b\u00e5de kontrollera och p\u00e5verka hela produktionsprocessen.<\/p><p>I en tid d\u00e5 lokal produktion inom textilindustrin har minskat, har vi valt att forts\u00e4tta investera i den \u2013 n\u00e5got som g\u00f6r att v\u00e5rt varum\u00e4rke s\u00e4rskiljer sig p\u00e5 marknaden.<\/p><\/div><div><p data-start=\"477\" data-end=\"682\">Vi arbetar med originalmaskiner som beskrivs som unika i sitt slag, och vi \u00e4r stolta \u00f6ver att det genuina hantverket f\u00e5r definiera v\u00e5ra produkter.<\/p><\/div><div><p data-start=\"684\" data-end=\"942\">V\u00e5rt m\u00e5l \u00e4r att lyfta fram traditionella tekniker och material som n\u00e5got b\u00e5de lyxigt och meningsfullt. M\u00e5nga av v\u00e5ra medarbetare har l\u00e5ng erfarenhet av att arbeta med lintapeter, och deras djupa kunskap och genuina passion pr\u00e4glar varje steg i produktionen.<\/p><\/div><div><p data-start=\"944\" data-end=\"1218\">Processen att skapa en lintapet \u2013 fr\u00e5n att kombinera lingarn med pappersbaksida till de sista detaljerna \u2013 innefattar flera noggrant utvalda steg. Vi har gjort medvetna val av b\u00e5de material och leverant\u00f6rer f\u00f6r att s\u00e4kerst\u00e4lla h\u00f6gsta m\u00f6jliga kvalitet i slutprodukten.<\/p><\/div><div><p data-start=\"1220\" data-end=\"1457\">I avsnittet om v\u00e5r v\u00e4rdekedja beskrivs resan fr\u00e5n r\u00e5varufiber till f\u00e4rdig lintapet. V\u00e5rt m\u00e5l \u00e4r att bidra till en djupare f\u00f6rst\u00e5else f\u00f6r produktionsprocessen och att erbjuda full transparens i v\u00e5rt arbete.<\/p><\/div><div><p data-start=\"1459\" data-end=\"1642\">Vi \u00e4r medvetna om att ingen produkt \u00e4r helt milj\u00f6v\u00e4nlig \u2013 men vi tror starkt p\u00e5 att ansvarsfulla beslut i varje led kan leda till meningsfulla f\u00f6rb\u00e4ttringar.<\/p><\/div>\t\t\t\t\t\t\t\t<\/div>\n\t\t\t\t<\/div>\n\t\t\t\t<\/div>\n\t\t\t\t<\/div>\n\t\t<div class=\"elementor-element elementor-element-ce06ca0 e-flex e-con-boxed e-con e-parent\" data-id=\"ce06ca0\" data-element_type=\"container\" data-e-type=\"container\">\n\t\t\t\t\t<div class=\"e-con-inner\">\n\t\t\t\t<div class=\"elementor-element elementor-element-5417096 elementor-widget elementor-widget-spacer\" data-id=\"5417096\" data-element_type=\"widget\" data-e-type=\"widget\" data-widget_type=\"spacer.default\">\n\t\t\t\t<div class=\"elementor-widget-container\">\n\t\t\t\t\t\t\t<div class=\"elementor-spacer\">\n\t\t\t<div class=\"elementor-spacer-inner\"><\/div>\n\t\t<\/div>\n\t\t\t\t\t\t<\/div>\n\t\t\t\t<\/div>\n\t\t\t\t<div class=\"elementor-element elementor-element-fd0011f elementor-widget elementor-widget-heading\" data-id=\"fd0011f\" data-element_type=\"widget\" data-e-type=\"widget\" data-widget_type=\"heading.default\">\n\t\t\t\t<div class=\"elementor-widget-container\">\n\t\t\t\t\t<h6 class=\"elementor-heading-title elementor-size-default\">NOVALIN SUPPLY CHAIN<\/h6>\t\t\t\t<\/div>\n\t\t\t\t<\/div>\n\t\t\t\t\t<\/div>\n\t\t\t\t<\/div>\n\t\t<div class=\"elementor-element elementor-element-e67c569 e-flex e-con-boxed e-con e-parent\" data-id=\"e67c569\" data-element_type=\"container\" data-e-type=\"container\">\n\t\t\t\t\t<div class=\"e-con-inner\">\n\t\t\t\t<div class=\"elementor-element elementor-element-9f3ab04 elementor-widget elementor-widget-image\" data-id=\"9f3ab04\" data-element_type=\"widget\" data-e-type=\"widget\" data-widget_type=\"image.default\">\n\t\t\t\t<div class=\"elementor-widget-container\">\n\t\t\t\t\t\t\t\t\t\t\t\t\t\t\t<img fetchpriority=\"high\" decoding=\"async\" width=\"1864\" height=\"820\" src=\"https:\/\/novalin.se\/wp-content\/uploads\/2025\/09\/Supply-chain.png\" class=\"attachment-full size-full wp-image-1984\" alt=\"\" srcset=\"https:\/\/novalin.se\/wp-content\/uploads\/2025\/09\/Supply-chain.png 1864w, https:\/\/novalin.se\/wp-content\/uploads\/2025\/09\/Supply-chain-300x132.png 300w, https:\/\/novalin.se\/wp-content\/uploads\/2025\/09\/Supply-chain-1024x450.png 1024w, https:\/\/novalin.se\/wp-content\/uploads\/2025\/09\/Supply-chain-768x338.png 768w, https:\/\/novalin.se\/wp-content\/uploads\/2025\/09\/Supply-chain-1536x676.png 1536w\" sizes=\"(max-width: 1864px) 100vw, 1864px\" \/>\t\t\t\t\t\t\t\t\t\t\t\t\t\t\t<\/div>\n\t\t\t\t<\/div>\n\t\t\t\t\t<\/div>\n\t\t\t\t<\/div>\n\t\t<div class=\"elementor-element elementor-element-71c4e97 e-flex e-con-boxed e-con e-parent\" data-id=\"71c4e97\" data-element_type=\"container\" data-e-type=\"container\" data-settings=\"{&quot;background_background&quot;:&quot;classic&quot;}\">\n\t\t\t\t\t<div class=\"e-con-inner\">\n\t\t\t\t<div class=\"elementor-element elementor-element-6fdfff9 elementor-widget elementor-widget-heading\" data-id=\"6fdfff9\" data-element_type=\"widget\" data-e-type=\"widget\" data-widget_type=\"heading.default\">\n\t\t\t\t<div class=\"elementor-widget-container\">\n\t\t\t\t\t<h3 class=\"elementor-heading-title elementor-size-default\">V\u00c4RDEKEDJAN<\/h3>\t\t\t\t<\/div>\n\t\t\t\t<\/div>\n\t\t\t\t<div class=\"elementor-element elementor-element-7303c32 elementor-widget elementor-widget-text-editor\" data-id=\"7303c32\" data-element_type=\"widget\" data-e-type=\"widget\" data-widget_type=\"text-editor.default\">\n\t\t\t\t<div class=\"elementor-widget-container\">\n\t\t\t\t\t\t\t\t\t<p>Produktens livscykel har sitt ursprung i naturliga material \u2013 linfibrer fr\u00e5n v\u00e4xten lin samt pappersbaksida tillverkad av tr\u00e4. Det kr\u00e4vs m\u00e5nga steg innan materialet blir en f\u00e4rdig tapet p\u00e5 v\u00e4ggen. I detta avsnitt beskrivs processen bakom produkten, och vi delar ber\u00e4ttelsen s\u00e5 tydligt och informativt som m\u00f6jligt.<\/p><p><strong>Lin (flax)<\/strong> &#8211; Idag betraktas lin som ett exklusivt textilmaterial och produceras i relativt sm\u00e5 m\u00e4ngder. Lin finns i b\u00e5de l\u00e5nga och korta fibrer. Det \u00e4r den starkaste av alla vegetabiliska fibrer, med tv\u00e5 till tre g\u00e5nger h\u00f6gre h\u00e5llfasthet \u00e4n bomull. F\u00f6r att bevara linfibrernas fulla l\u00e4ngd m\u00e5ste hela plantan dras upp med r\u00f6tterna, snarare \u00e4n att sk\u00e4ras av.<span class=\"Apple-converted-space\">\u00a0<\/span><\/p><p>V\u00e5ra lintapeter tillverkas av garn spunnet av 100 % lin, odlat i s\u00f6dra Holland, Belgien och norra Frankrike \u2013 h\u00f6gst 150 km fr\u00e5n havet. Klimatet i dessa regioner erbjuder idealiska f\u00f6rh\u00e5llanden f\u00f6r att odla lin av h\u00f6g kvalitet.<\/p><p><strong>Garnspinning <\/strong>\u2013 Garnet spinns av en specialiserad linspinnare i Polen. Lin \u00e4r en av f\u00e5 naturfibrer som \u00e4r starkare i v\u00e5tt tillst\u00e5nd. Spinnprocessen som anv\u00e4nds \u00e4r antingen semi-v\u00e5tspinning eller v\u00e5tspinning f\u00f6r att f\u00e5 ett sl\u00e4tare lingarn. Novalin arbetar uteslutande med l\u00e5ngfibrigt garn, vilket ger b\u00e4ttre stabilitet och minskar den h\u00e5riga effekten i slutprodukten.<span class=\"Apple-converted-space\">\u00a0<\/span><\/p><p>Vi anv\u00e4nder tv\u00e5 olika typer av garn i v\u00e5ra kollektioner. V\u00e5r\u00a097 Robust-kollektion\u00a0tillverkas med ett gr\u00f6vre, mer texturerat garn j\u00e4mf\u00f6rt med garnet som anv\u00e4nds i 95 Classic och 20 Sveagarden. \u00a0<\/p><p><strong>Garnblekning<\/strong> \u2013 Garnet levereras i r\u00e5 form till v\u00e5r l\u00e5ngvariga partner i Kinna, Sverige, f\u00f6r att skapa riktigt vitt lin. Linfibrernas naturliga f\u00e4rg \u00e4r, vid den b\u00e4sta sk\u00f6rden, gulaktig, och f\u00f6r att uppn\u00e5 de b\u00e4sta f\u00e4rgerna i slutprodukten m\u00e5ste garnet f\u00f6rst blekas vitt. Blekning g\u00f6r \u00e4ven de styva fibrerna n\u00e5got mjukare och mer f\u00f6ljsamma. \u00d6verblekning kan dock f\u00f6rsvaga fibrerna, s\u00e5 processen m\u00e5ste kontrolleras noggrant.<span class=\"Apple-converted-space\">\u00a0<\/span><\/p><p><strong>Pappersbaksida<\/strong> &#8211; V\u00e5r pappersbaksida \u00e4r ett speciellt utvecklat cr\u00eapepapper som motst\u00e5r krympning vid fukt, v\u00e4rme eller under andra behandlingar. Vi samarbetar med en leverant\u00f6r i Tyskland som hj\u00e4lper oss att producera denna typ av papper f\u00f6r v\u00e5ra unika v\u00e4ggbekl\u00e4dnader.\u00a0<\/p><p><strong>Transport <\/strong>&#8211; Vi anv\u00e4nder lastbilar f\u00f6r att transportera v\u00e5ra material fr\u00e5n v\u00e5ra leverant\u00f6rer. Vi h\u00e5ller nere koldioxidavtrycket s\u00e5 mycket som m\u00f6jligt samt uppr\u00e4tth\u00e5ller h\u00f6gsta kvalitetsstandard genom att alla v\u00e5ra leverant\u00f6rer \u00e4r inom EU. Vi str\u00e4var ocks\u00e5 efter att minska on\u00f6diga transporter genom att l\u00e4gga f\u00e4rre men st\u00f6rre best\u00e4llningar, vilket minimerar milj\u00f6p\u00e5verkan.<span class=\"Apple-converted-space\">\u00a0<\/span><\/p><p><strong>Produktion <\/strong>&#8211; Efter att garnet noggrant har spunnits och blekts, och premiumpappret har anl\u00e4nt till v\u00e5r fabrik i Kinna, kan produktionsprocessen f\u00f6r v\u00e5ra lintapeter b\u00f6rja.<\/p><p>F\u00f6rst varpas lingarnet upp p\u00e5 varpbommar \u2013 varje produktion kr\u00e4ver mellan 3 och 8 varpbommar, beroende p\u00e5 design eller kollektion. V\u00e5rt skickliga team blandar f\u00e4rgerna internt i fabriken f\u00f6r att uppn\u00e5 de perfekta nyanserna och s\u00e4kerst\u00e4lla att varje ton \u00e4r skr\u00e4ddarsydd f\u00f6r v\u00e5r kollektion.<\/p><p>I en s\u00f6ml\u00f6s process applicerar v\u00e5r produktionsmaskin f\u00e4rgen och monterar v\u00e4ggbekl\u00e4dnaden genom att binda lingarnet till dess h\u00e5llbara pappersbaksida. N\u00e4r en kontinuerlig rulle \u00e4r klar sk\u00e4rs materialet noggrant till och packas i praktiska rullar om 10,05 och 50 meter, redo att f\u00f6rvandla interi\u00f6rer med tidl\u00f6s struktur och karakt\u00e4r.<\/p><p><strong>Slutprodukten <\/strong>&#8211; Den f\u00e4rdiga produkten \u00e4r en exklusiv lintapet, tillg\u00e4nglig i tre olika kollektiondesigner och ett brett urval av f\u00e4rgtoner. (<a href=\"https:\/\/novalin.se\/sv\/vara-lintapeter\/\"><em>Utforska v\u00e5ra kollektioner h\u00e4r<\/em><\/a>).<\/p><p>V\u00e5r lintapet har visat sig vara mycket h\u00e5llbar \u2013 den h\u00e5ller sig vacker p\u00e5 v\u00e4ggen i \u00f6ver 30 \u00e5r \u2013 tack vare materialets h\u00f6ga kvalitet och den tidl\u00f6sa designen. \u00c4ven om produkten inte \u00e4r \u00e5teranv\u00e4ndningsbar, anser vi att dess l\u00e5nga livsl\u00e4ngd minimerar milj\u00f6p\u00e5verkan j\u00e4mf\u00f6rt med produkter som kr\u00e4ver frekventa renoveringar eller utbyten.<\/p><p>Det \u00e4r ocks\u00e5 v\u00e4rt att n\u00e4mna att produkten best\u00e5r av naturliga material, vilket ger goda f\u00f6ruts\u00e4ttningar f\u00f6r biologisk nedbrytbarhet i slutet av livscykeln \u2013 \u00e4ven om detta \u00e4nnu inte har unders\u00f6kts formellt.\u00a0<span class=\"Apple-converted-space\">\u00a0<\/span><\/p>\t\t\t\t\t\t\t\t<\/div>\n\t\t\t\t<\/div>\n\t\t\t\t\t<\/div>\n\t\t\t\t<\/div>\n\t\t<div class=\"elementor-element elementor-element-1dce9b9 e-flex e-con-boxed e-con e-parent\" data-id=\"1dce9b9\" data-element_type=\"container\" data-e-type=\"container\">\n\t\t\t\t\t<div class=\"e-con-inner\">\n\t\t<div class=\"elementor-element elementor-element-e65b95c e-con-full e-flex e-con e-child\" data-id=\"e65b95c\" data-element_type=\"container\" data-e-type=\"container\">\n\t\t\t\t<div class=\"elementor-element elementor-element-14f923b elementor-widget elementor-widget-image\" data-id=\"14f923b\" data-element_type=\"widget\" data-e-type=\"widget\" data-widget_type=\"image.default\">\n\t\t\t\t<div class=\"elementor-widget-container\">\n\t\t\t\t\t\t\t\t\t\t\t\t\t\t\t<img decoding=\"async\" width=\"474\" height=\"693\" src=\"https:\/\/novalin.se\/wp-content\/uploads\/2025\/07\/rise-novalin.png\" class=\"attachment-full size-full wp-image-112\" alt=\"\" srcset=\"https:\/\/novalin.se\/wp-content\/uploads\/2025\/07\/rise-novalin.png 474w, https:\/\/novalin.se\/wp-content\/uploads\/2025\/07\/rise-novalin-205x300.png 205w\" sizes=\"(max-width: 474px) 100vw, 474px\" \/>\t\t\t\t\t\t\t\t\t\t\t\t\t\t\t<\/div>\n\t\t\t\t<\/div>\n\t\t\t\t<\/div>\n\t\t<div class=\"elementor-element elementor-element-3239482 e-con-full e-flex e-con e-child\" data-id=\"3239482\" data-element_type=\"container\" data-e-type=\"container\">\n\t\t\t\t<div class=\"elementor-element elementor-element-57034ea elementor-widget elementor-widget-text-editor\" data-id=\"57034ea\" data-element_type=\"widget\" data-e-type=\"widget\" data-widget_type=\"text-editor.default\">\n\t\t\t\t<div class=\"elementor-widget-container\">\n\t\t\t\t\t\t\t\t\t<p><strong>Certifikat<\/strong> &#8211; V\u00e5r fabrik och v\u00e5ra produkter \u00e4r certifierade enligt ISO 14001 \u2013 den internationella standarden f\u00f6r milj\u00f6ledningssystem. <br>Vi har beh\u00e5llit denna certifiering \u00f6ver tid, vilket vi \u00e4r stolta \u00f6ver och ser som ett bevis p\u00e5 v\u00e5rt l\u00e5ngsiktiga engagemang f\u00f6r h\u00e5llbar och ansvarsfull produktion. <\/p>\t\t\t\t\t\t\t\t<\/div>\n\t\t\t\t<\/div>\n\t\t\t\t<\/div>\n\t\t\t\t\t<\/div>\n\t\t\t\t<\/div>\n\t\t<div class=\"elementor-element elementor-element-65461d9 e-con-full e-flex e-con e-parent\" data-id=\"65461d9\" data-element_type=\"container\" data-e-type=\"container\">\n\t\t\t\t<div class=\"elementor-element elementor-element-7ecb1d9 elementor-widget elementor-widget-spacer\" data-id=\"7ecb1d9\" data-element_type=\"widget\" data-e-type=\"widget\" data-widget_type=\"spacer.default\">\n\t\t\t\t<div class=\"elementor-widget-container\">\n\t\t\t\t\t\t\t<div class=\"elementor-spacer\">\n\t\t\t<div class=\"elementor-spacer-inner\"><\/div>\n\t\t<\/div>\n\t\t\t\t\t\t<\/div>\n\t\t\t\t<\/div>\n\t\t<div class=\"elementor-element elementor-element-259a24c e-flex e-con-boxed e-con e-child\" data-id=\"259a24c\" data-element_type=\"container\" data-e-type=\"container\" data-settings=\"{&quot;background_background&quot;:&quot;classic&quot;}\">\n\t\t\t\t\t<div class=\"e-con-inner\">\n\t\t\t\t<div class=\"elementor-element elementor-element-86f6bb9 elementor-widget elementor-widget-spacer\" data-id=\"86f6bb9\" data-element_type=\"widget\" data-e-type=\"widget\" data-widget_type=\"spacer.default\">\n\t\t\t\t<div class=\"elementor-widget-container\">\n\t\t\t\t\t\t\t<div class=\"elementor-spacer\">\n\t\t\t<div class=\"elementor-spacer-inner\"><\/div>\n\t\t<\/div>\n\t\t\t\t\t\t<\/div>\n\t\t\t\t<\/div>\n\t\t\t\t<div class=\"elementor-element elementor-element-0f93c55 elementor-widget elementor-widget-heading\" data-id=\"0f93c55\" data-element_type=\"widget\" data-e-type=\"widget\" data-widget_type=\"heading.default\">\n\t\t\t\t<div class=\"elementor-widget-container\">\n\t\t\t\t\t<h3 class=\"elementor-heading-title elementor-size-default\">V\u00c5RT MILJ\u00d6\u00c5TAGANDE<\/h3>\t\t\t\t<\/div>\n\t\t\t\t<\/div>\n\t\t\t\t<div class=\"elementor-element elementor-element-c03cea5 elementor-widget elementor-widget-text-editor\" data-id=\"c03cea5\" data-element_type=\"widget\" data-e-type=\"widget\" data-widget_type=\"text-editor.default\">\n\t\t\t\t<div class=\"elementor-widget-container\">\n\t\t\t\t\t\t\t\t\t<div><p>I k\u00e4rnan av v\u00e5rt arbete ligger en enkel princip: minimera p\u00e5verkan, maximera kvalitet. H\u00e5llbarhet \u00e4r ingen eftertanke f\u00f6r oss \u2013 den genomsyrar hela v\u00e5r verksamhet och b\u00f6rjar redan i det f\u00f6rsta steget av v\u00e5r leverant\u00f6rskedja. Genom medvetna val tidigt i processen s\u00e4kerst\u00e4ller vi att ansvarstagande \u00e4r inbyggt i varje del av produktionen.<\/p><p>Vi \u00e4r selektiva i v\u00e5rt urval av partners. Alla v\u00e5ra leverant\u00f6rer \u00e4r baserade i Europa, vilket hj\u00e4lper oss att minska transportavst\u00e5nd och utsl\u00e4pp samtidigt som det vanligtvis medf\u00f6r b\u00e4ttre sp\u00e5rbarhet och standarder.<\/p><p>V\u00e5r filosofi \u00e4r tydlig: producera mindre, men b\u00e4ttre. Vi tror att den mest h\u00e5llbara produkten \u00e4r den som h\u00e5ller \u00f6ver tid. D\u00e4rf\u00f6r arbetar vi uteslutande med garn spunnet av 100 % rent lin \u2013 en av v\u00e4rldens finaste och mest exklusiva naturfibrer. Det \u00e4r ett kostsamt val, men det g\u00f6r v\u00e5ra v\u00e4ggbekl\u00e4dnader b\u00e5de vackra och slitstarka i \u00e5rtionden fram\u00f6ver.<\/p><p>Vi \u00e4r medvetna om att cirkul\u00e4r ekonomi inte alltid \u00e4r f\u00f6renlig med produkter som v\u00e5ra, som inte l\u00e4tt kan \u00e5teranv\u00e4ndas. I st\u00e4llet omfamnar vi ett tidl\u00f6st syns\u00e4tt: hantverk som h\u00e5ller \u00f6ver tid. Vi skapar kvalitet som inte beh\u00f6ver bytas ut.<\/p><p>Vi ser ocks\u00e5 h\u00e5llbarhet som en st\u00e4ndig resa. En av v\u00e5ra viktigaste prioriteringar fram\u00e5t \u00e4r att minska \u00f6verproduktion genom att \u00f6verg\u00e5 till en mer best\u00e4llningsbaserad modell, d\u00e4r vi producerar efter verklig efterfr\u00e5gan. Varje beslut f\u00f6r oss n\u00e4rmare en framtid d\u00e4r mindre avfall, st\u00f6rre omsorg och l\u00e5ngvarigt hantverk definierar v\u00e5r bransch.<\/p><\/div>\t\t\t\t\t\t\t\t<\/div>\n\t\t\t\t<\/div>\n\t\t\t\t\t<\/div>\n\t\t\t\t<\/div>\n\t\t\t\t<\/div>\n\t\t\t\t<\/div>\n\t\t","protected":false},"excerpt":{"rendered":"<p>V\u00e4lkommen in i fabriken Sedan 1964 har v\u00e5rt varum\u00e4rke haft privilegiet att ha tillverkningen i v\u00e5r egen fabrik. Det ger [&hellip;]<\/p>\n","protected":false},"author":1,"featured_media":0,"parent":0,"menu_order":0,"comment_status":"closed","ping_status":"closed","template":"","meta":{"site-sidebar-layout":"no-sidebar","site-content-layout":"","ast-site-content-layout":"full-width-container","site-content-style":"default","site-sidebar-style":"default","ast-global-header-display":"","ast-banner-title-visibility":"","ast-main-header-display":"","ast-hfb-above-header-display":"","ast-hfb-below-header-display":"","ast-hfb-mobile-header-display":"","site-post-title":"disabled","ast-breadcrumbs-content":"","ast-featured-img":"disabled","footer-sml-layout":"","ast-disable-related-posts":"","theme-transparent-header-meta":"","adv-header-id-meta":"","stick-header-meta":"","header-above-stick-meta":"","header-main-stick-meta":"","header-below-stick-meta":"","astra-migrate-meta-layouts":"default","ast-page-background-enabled":"default","ast-page-background-meta":{"desktop":{"background-color":"var(--ast-global-color-5)","background-image":"","background-repeat":"repeat","background-position":"center center","background-size":"auto","background-attachment":"scroll","background-type":"","background-media":"","overlay-type":"","overlay-color":"","overlay-opacity":"","overlay-gradient":""},"tablet":{"background-color":"","background-image":"","background-repeat":"repeat","background-position":"center center","background-size":"auto","background-attachment":"scroll","background-type":"","background-media":"","overlay-type":"","overlay-color":"","overlay-opacity":"","overlay-gradient":""},"mobile":{"background-color":"","background-image":"","background-repeat":"repeat","background-position":"center center","background-size":"auto","background-attachment":"scroll","background-type":"","background-media":"","overlay-type":"","overlay-color":"","overlay-opacity":"","overlay-gradient":""}},"ast-content-background-meta":{"desktop":{"background-color":"var(--ast-global-color-4)","background-image":"","background-repeat":"repeat","background-position":"center center","background-size":"auto","background-attachment":"scroll","background-type":"","background-media":"","overlay-type":"","overlay-color":"","overlay-opacity":"","overlay-gradient":""},"tablet":{"background-color":"var(--ast-global-color-4)","background-image":"","background-repeat":"repeat","background-position":"center center","background-size":"auto","background-attachment":"scroll","background-type":"","background-media":"","overlay-type":"","overlay-color":"","overlay-opacity":"","overlay-gradient":""},"mobile":{"background-color":"var(--ast-global-color-4)","background-image":"","background-repeat":"repeat","background-position":"center center","background-size":"auto","background-attachment":"scroll","background-type":"","background-media":"","overlay-type":"","overlay-color":"","overlay-opacity":"","overlay-gradient":""}},"footnotes":""},"class_list":["post-1479","page","type-page","status-publish","hentry"],"_links":{"self":[{"href":"https:\/\/novalin.se\/sv\/wp-json\/wp\/v2\/pages\/1479","targetHints":{"allow":["GET"]}}],"collection":[{"href":"https:\/\/novalin.se\/sv\/wp-json\/wp\/v2\/pages"}],"about":[{"href":"https:\/\/novalin.se\/sv\/wp-json\/wp\/v2\/types\/page"}],"author":[{"embeddable":true,"href":"https:\/\/novalin.se\/sv\/wp-json\/wp\/v2\/users\/1"}],"replies":[{"embeddable":true,"href":"https:\/\/novalin.se\/sv\/wp-json\/wp\/v2\/comments?post=1479"}],"version-history":[{"count":90,"href":"https:\/\/novalin.se\/sv\/wp-json\/wp\/v2\/pages\/1479\/revisions"}],"predecessor-version":[{"id":2943,"href":"https:\/\/novalin.se\/sv\/wp-json\/wp\/v2\/pages\/1479\/revisions\/2943"}],"wp:attachment":[{"href":"https:\/\/novalin.se\/sv\/wp-json\/wp\/v2\/media?parent=1479"}],"curies":[{"name":"wp","href":"https:\/\/api.w.org\/{rel}","templated":true}]}}