{"id":1464,"date":"2025-07-03T13:09:02","date_gmt":"2025-07-03T11:09:02","guid":{"rendered":"https:\/\/novalin.se\/kontakt\/"},"modified":"2026-02-19T08:49:30","modified_gmt":"2026-02-19T07:49:30","slug":"kontakt","status":"publish","type":"page","link":"https:\/\/novalin.se\/sv\/kontakt\/","title":{"rendered":"Kontakt"},"content":{"rendered":"\t\t<div data-elementor-type=\"wp-page\" data-elementor-id=\"1464\" class=\"elementor elementor-1464 elementor-128\" data-elementor-post-type=\"page\">\n\t\t\t\t<div class=\"elementor-element elementor-element-7f86c76 e-flex e-con-boxed e-con e-parent\" data-id=\"7f86c76\" data-element_type=\"container\" data-e-type=\"container\">\n\t\t\t\t\t<div class=\"e-con-inner\">\n\t\t<div class=\"elementor-element elementor-element-ea0e2d2 e-con-full e-flex e-con e-child\" data-id=\"ea0e2d2\" data-element_type=\"container\" data-e-type=\"container\">\n\t\t<div class=\"elementor-element elementor-element-d5ed32e e-con-full e-flex e-con e-child\" data-id=\"d5ed32e\" data-element_type=\"container\" data-e-type=\"container\" data-settings=\"{&quot;background_background&quot;:&quot;video&quot;,&quot;background_video_link&quot;:&quot;https:\\\/\\\/novalin.se\\\/wp-content\\\/uploads\\\/2025\\\/05\\\/4673935_Worcestershire_England_1280x720-1.mp4&quot;}\">\n\t\t<div class=\"elementor-background-video-container elementor-hidden-mobile\">\n\t\t\t\t\t\t\t<video class=\"elementor-background-video-hosted\" role=\"presentation\" autoplay muted playsinline loop><\/video>\n\t\t\t\t\t<\/div>\t\t<div class=\"elementor-element elementor-element-1d18319 elementor-widget__width-initial elementor-widget elementor-widget-heading\" data-id=\"1d18319\" data-element_type=\"widget\" data-e-type=\"widget\" data-widget_type=\"heading.default\">\n\t\t\t\t<div class=\"elementor-widget-container\">\n\t\t\t\t\t<h1 class=\"elementor-heading-title elementor-size-default\">KONTAKTA OSS<\/h1>\t\t\t\t<\/div>\n\t\t\t\t<\/div>\n\t\t\t\t<\/div>\n\t\t<div class=\"elementor-element elementor-element-9d85ed6 e-con-full e-flex e-con e-child\" data-id=\"9d85ed6\" data-element_type=\"container\" data-e-type=\"container\">\n\t\t<div class=\"elementor-element elementor-element-9ca0386 e-con-full e-flex e-con e-child\" data-id=\"9ca0386\" data-element_type=\"container\" data-e-type=\"container\" data-settings=\"{&quot;background_background&quot;:&quot;classic&quot;}\">\n\t\t\t\t<div class=\"elementor-element elementor-element-40bc368 elementor-widget elementor-widget-spacer\" data-id=\"40bc368\" data-element_type=\"widget\" data-e-type=\"widget\" data-widget_type=\"spacer.default\">\n\t\t\t\t<div class=\"elementor-widget-container\">\n\t\t\t\t\t\t\t<div class=\"elementor-spacer\">\n\t\t\t<div class=\"elementor-spacer-inner\"><\/div>\n\t\t<\/div>\n\t\t\t\t\t\t<\/div>\n\t\t\t\t<\/div>\n\t\t\t\t<div class=\"elementor-element elementor-element-614afd7 elementor-widget__width-initial elementor-widget-mobile__width-initial elementor-widget elementor-widget-text-editor\" data-id=\"614afd7\" data-element_type=\"widget\" data-e-type=\"widget\" data-widget_type=\"text-editor.default\">\n\t\t\t\t<div class=\"elementor-widget-container\">\n\t\t\t\t\t\t\t\t\t<div><p style=\"font-weight: 400;\">Vi v\u00e4lkomnar f\u00f6rfr\u00e5gningar fr\u00e5n b\u00e5de nya och befintliga kunder hos Novalin. F\u00f6r att vi ska kunna erbjuda den service du \u00f6nskar, ber vi dig att fylla i formul\u00e4ret nedan.<\/p><p style=\"font-weight: 400;\">Om du f\u00f6redrar att inte anv\u00e4nda formul\u00e4ret \u00e4r du varmt v\u00e4lkommen att kontakta v\u00e5r kundtj\u00e4nst via e-post p\u00e5\u00a0hello@novalin.se<span aria-hidden=\"true\">\u00a0<\/span>eller telefon\u00a0+46 (0)320-303 00.<\/p><p style=\"font-weight: 400;\" data-start=\"412\" data-end=\"459\">V\u00e4nliga h\u00e4lsningar,<br data-start=\"435\" data-end=\"438\" \/>Teamet p\u00e5 Novalin<\/p><p style=\"font-weight: 400;\">\u00a0<\/p><\/div><div><p data-start=\"1218\" data-end=\"1454\">\u00a0<\/p><\/div>\t\t\t\t\t\t\t\t<\/div>\n\t\t\t\t<\/div>\n\t\t\t\t<\/div>\n\t\t\t\t<\/div>\n\t\t\t\t<\/div>\n\t\t<div class=\"elementor-element elementor-element-d3813d1 e-con-full e-flex e-con e-child\" data-id=\"d3813d1\" data-element_type=\"container\" data-e-type=\"container\" data-settings=\"{&quot;background_background&quot;:&quot;classic&quot;}\">\n\t\t\t\t<div class=\"elementor-element elementor-element-bc20b49 elementor-widget elementor-widget-spacer\" data-id=\"bc20b49\" data-element_type=\"widget\" data-e-type=\"widget\" data-widget_type=\"spacer.default\">\n\t\t\t\t<div class=\"elementor-widget-container\">\n\t\t\t\t\t\t\t<div class=\"elementor-spacer\">\n\t\t\t<div class=\"elementor-spacer-inner\"><\/div>\n\t\t<\/div>\n\t\t\t\t\t\t<\/div>\n\t\t\t\t<\/div>\n\t\t\t\t<div class=\"elementor-element elementor-element-0607d02 elementor-widget elementor-widget-heading\" data-id=\"0607d02\" data-element_type=\"widget\" data-e-type=\"widget\" data-widget_type=\"heading.default\">\n\t\t\t\t<div class=\"elementor-widget-container\">\n\t\t\t\t\t<h2 class=\"elementor-heading-title elementor-size-default\">SKICKA EN F\u00d6RFR\u00c5GAN<\/h2>\t\t\t\t<\/div>\n\t\t\t\t<\/div>\n\t\t\t\t<div class=\"elementor-element elementor-element-cd0ac8b elementor-button-align-stretch elementor-widget elementor-widget-form\" data-id=\"cd0ac8b\" data-element_type=\"widget\" data-e-type=\"widget\" data-settings=\"{&quot;step_next_label&quot;:&quot;N\\u00e4sta&quot;,&quot;step_previous_label&quot;:&quot;F\\u00f6reg\\u00e5ende&quot;,&quot;button_width&quot;:&quot;100&quot;,&quot;step_type&quot;:&quot;number_text&quot;,&quot;step_icon_shape&quot;:&quot;circle&quot;}\" data-widget_type=\"form.default\">\n\t\t\t\t<div class=\"elementor-widget-container\">\n\t\t\t\t\t\t\t<form class=\"elementor-form\" method=\"post\" name=\"Nytt formul\u00e4r\" aria-label=\"Nytt formul\u00e4r\">\n\t\t\t<input type=\"hidden\" name=\"post_id\" value=\"1464\"\/>\n\t\t\t<input type=\"hidden\" name=\"form_id\" value=\"cd0ac8b\"\/>\n\t\t\t<input type=\"hidden\" name=\"referer_title\" value=\"Kontakt\" \/>\n\n\t\t\t\t\t\t\t<input type=\"hidden\" name=\"queried_id\" value=\"1464\"\/>\n\t\t\t\n\t\t\t<div class=\"elementor-form-fields-wrapper elementor-labels-above\">\n\t\t\t\t\t\t\t\t<div class=\"elementor-field-type-text elementor-field-group elementor-column elementor-field-group-name elementor-col-50\">\n\t\t\t\t\t\t\t\t\t\t\t\t<label for=\"form-field-name\" class=\"elementor-field-label\">\n\t\t\t\t\t\t\t\tF\u00f6retagets namn:\t\t\t\t\t\t\t<\/label>\n\t\t\t\t\t\t\t\t\t\t\t\t\t\t<input size=\"1\" type=\"text\" name=\"form_fields[name]\" id=\"form-field-name\" class=\"elementor-field elementor-size-sm  elementor-field-textual\">\n\t\t\t\t\t\t\t\t\t\t\t<\/div>\n\t\t\t\t\t\t\t\t<div class=\"elementor-field-type-text elementor-field-group elementor-column elementor-field-group-field_7f30e4c elementor-col-50\">\n\t\t\t\t\t\t\t\t\t\t\t\t<label for=\"form-field-field_7f30e4c\" class=\"elementor-field-label\">\n\t\t\t\t\t\t\t\tDitt namn\/titel:\t\t\t\t\t\t\t<\/label>\n\t\t\t\t\t\t\t\t\t\t\t\t\t\t<input size=\"1\" type=\"text\" name=\"form_fields[field_7f30e4c]\" id=\"form-field-field_7f30e4c\" class=\"elementor-field elementor-size-sm  elementor-field-textual\">\n\t\t\t\t\t\t\t\t\t\t\t<\/div>\n\t\t\t\t\t\t\t\t<div class=\"elementor-field-type-text elementor-field-group elementor-column elementor-field-group-field_d106127 elementor-col-30\">\n\t\t\t\t\t\t\t\t\t\t\t\t<label for=\"form-field-field_d106127\" class=\"elementor-field-label\">\n\t\t\t\t\t\t\t\tLand:\t\t\t\t\t\t\t<\/label>\n\t\t\t\t\t\t\t\t\t\t\t\t\t\t<input size=\"1\" type=\"text\" name=\"form_fields[field_d106127]\" id=\"form-field-field_d106127\" class=\"elementor-field elementor-size-sm  elementor-field-textual\">\n\t\t\t\t\t\t\t\t\t\t\t<\/div>\n\t\t\t\t\t\t\t\t<div class=\"elementor-field-type-radio elementor-field-group elementor-column elementor-field-group-field_59b0bd0 elementor-col-30\">\n\t\t\t\t\t\t\t\t\t\t\t\t<label for=\"form-field-field_59b0bd0\" class=\"elementor-field-label\">\n\t\t\t\t\t\t\t\tF\u00f6rsta g\u00e5ngen du tar kontakt?\t\t\t\t\t\t\t<\/label>\n\t\t\t\t\t\t<div class=\"elementor-field-subgroup  elementor-subgroup-inline\"><span class=\"elementor-field-option\"><input type=\"radio\" value=\"Ja\" id=\"form-field-field_59b0bd0-0\" name=\"form_fields[field_59b0bd0]\"> <label for=\"form-field-field_59b0bd0-0\">Ja<\/label><\/span><span class=\"elementor-field-option\"><input type=\"radio\" value=\"Nej\" id=\"form-field-field_59b0bd0-1\" name=\"form_fields[field_59b0bd0]\"> <label for=\"form-field-field_59b0bd0-1\">Nej<\/label><\/span><\/div>\t\t\t\t<\/div>\n\t\t\t\t\t\t\t\t<div class=\"elementor-field-type-radio elementor-field-group elementor-column elementor-field-group-field_ed16008 elementor-col-30\">\n\t\t\t\t\t\t\t\t\t\t\t\t<label for=\"form-field-field_ed16008\" class=\"elementor-field-label\">\n\t\t\t\t\t\t\t\t\u00c5terf\u00f6rs\u00e4ljare eller inredningsarkitekt?\t\t\t\t\t\t\t<\/label>\n\t\t\t\t\t\t<div class=\"elementor-field-subgroup  elementor-subgroup-inline\"><span class=\"elementor-field-option\"><input type=\"radio\" value=\"\u00c5terf\u00f6rs\u00e4ljare\" id=\"form-field-field_ed16008-0\" name=\"form_fields[field_ed16008]\"> <label for=\"form-field-field_ed16008-0\">\u00c5terf\u00f6rs\u00e4ljare<\/label><\/span><span class=\"elementor-field-option\"><input type=\"radio\" value=\"Inredningsarkitekt\" id=\"form-field-field_ed16008-1\" name=\"form_fields[field_ed16008]\"> <label for=\"form-field-field_ed16008-1\">Inredningsarkitekt<\/label><\/span><\/div>\t\t\t\t<\/div>\n\t\t\t\t\t\t\t\t<div class=\"elementor-field-type-email elementor-field-group elementor-column elementor-field-group-email elementor-col-50 elementor-field-required\">\n\t\t\t\t\t\t\t\t\t\t\t\t<label for=\"form-field-email\" class=\"elementor-field-label\">\n\t\t\t\t\t\t\t\tE-post\t\t\t\t\t\t\t<\/label>\n\t\t\t\t\t\t\t\t\t\t\t\t\t\t<input size=\"1\" type=\"email\" name=\"form_fields[email]\" id=\"form-field-email\" class=\"elementor-field elementor-size-sm  elementor-field-textual\" required=\"required\">\n\t\t\t\t\t\t\t\t\t\t\t<\/div>\n\t\t\t\t\t\t\t\t<div class=\"elementor-field-type-tel elementor-field-group elementor-column elementor-field-group-field_386f547 elementor-col-50\">\n\t\t\t\t\t\t\t\t\t\t\t\t<label for=\"form-field-field_386f547\" class=\"elementor-field-label\">\n\t\t\t\t\t\t\t\tTelefonnumret\t\t\t\t\t\t\t<\/label>\n\t\t\t\t\t\t\t\t<input size=\"1\" type=\"tel\" name=\"form_fields[field_386f547]\" id=\"form-field-field_386f547\" class=\"elementor-field elementor-size-sm  elementor-field-textual\" pattern=\"[0-9()#&amp;+*-=.]+\" title=\"Endast siffror och telefontecken (#, -, *, etc) accepteras.\">\n\n\t\t\t\t\t\t<\/div>\n\t\t\t\t\t\t\t\t<div class=\"elementor-field-type-textarea elementor-field-group elementor-column elementor-field-group-message elementor-col-100\">\n\t\t\t\t\t\t\t\t\t\t\t\t<label for=\"form-field-message\" class=\"elementor-field-label\">\n\t\t\t\t\t\t\t\tMeddelande\t\t\t\t\t\t\t<\/label>\n\t\t\t\t\t\t<textarea class=\"elementor-field-textual elementor-field  elementor-size-sm\" name=\"form_fields[message]\" id=\"form-field-message\" rows=\"4\"><\/textarea>\t\t\t\t<\/div>\n\t\t\t\t\t\t\t\t<div class=\"elementor-field-group elementor-column elementor-field-type-submit elementor-col-100 e-form__buttons\">\n\t\t\t\t\t<button class=\"elementor-button elementor-size-sm\" type=\"submit\">\n\t\t\t\t\t\t<span class=\"elementor-button-content-wrapper\">\n\t\t\t\t\t\t\t\t\t\t\t\t\t\t\t\t\t\t\t\t\t\t<span class=\"elementor-button-text\">Skicka<\/span>\n\t\t\t\t\t\t\t\t\t\t\t\t\t<\/span>\n\t\t\t\t\t<\/button>\n\t\t\t\t<\/div>\n\t\t\t<\/div>\n\t\t<\/form>\n\t\t\t\t\t\t<\/div>\n\t\t\t\t<\/div>\n\t\t\t\t<\/div>\n\t\t\t\t\t<\/div>\n\t\t\t\t<\/div>\n\t\t\t\t<\/div>\n\t\t","protected":false},"excerpt":{"rendered":"<p>KONTAKTA OSS Vi v\u00e4lkomnar f\u00f6rfr\u00e5gningar fr\u00e5n b\u00e5de nya och befintliga kunder hos Novalin. F\u00f6r att vi ska kunna erbjuda den [&hellip;]<\/p>\n","protected":false},"author":1,"featured_media":0,"parent":0,"menu_order":0,"comment_status":"closed","ping_status":"closed","template":"","meta":{"site-sidebar-layout":"no-sidebar","site-content-layout":"","ast-site-content-layout":"full-width-container","site-content-style":"default","site-sidebar-style":"default","ast-global-header-display":"","ast-banner-title-visibility":"","ast-main-header-display":"","ast-hfb-above-header-display":"","ast-hfb-below-header-display":"","ast-hfb-mobile-header-display":"","site-post-title":"","ast-breadcrumbs-content":"","ast-featured-img":"disabled","footer-sml-layout":"","ast-disable-related-posts":"","theme-transparent-header-meta":"","adv-header-id-meta":"","stick-header-meta":"","header-above-stick-meta":"","header-main-stick-meta":"","header-below-stick-meta":"","astra-migrate-meta-layouts":"default","ast-page-background-enabled":"default","ast-page-background-meta":{"desktop":{"background-color":"var(--ast-global-color-5)","background-image":"","background-repeat":"repeat","background-position":"center center","background-size":"auto","background-attachment":"scroll","background-type":"","background-media":"","overlay-type":"","overlay-color":"","overlay-opacity":"","overlay-gradient":""},"tablet":{"background-color":"","background-image":"","background-repeat":"repeat","background-position":"center center","background-size":"auto","background-attachment":"scroll","background-type":"","background-media":"","overlay-type":"","overlay-color":"","overlay-opacity":"","overlay-gradient":""},"mobile":{"background-color":"","background-image":"","background-repeat":"repeat","background-position":"center center","background-size":"auto","background-attachment":"scroll","background-type":"","background-media":"","overlay-type":"","overlay-color":"","overlay-opacity":"","overlay-gradient":""}},"ast-content-background-meta":{"desktop":{"background-color":"var(--ast-global-color-4)","background-image":"","background-repeat":"repeat","background-position":"center center","background-size":"auto","background-attachment":"scroll","background-type":"","background-media":"","overlay-type":"","overlay-color":"","overlay-opacity":"","overlay-gradient":""},"tablet":{"background-color":"var(--ast-global-color-4)","background-image":"","background-repeat":"repeat","background-position":"center center","background-size":"auto","background-attachment":"scroll","background-type":"","background-media":"","overlay-type":"","overlay-color":"","overlay-opacity":"","overlay-gradient":""},"mobile":{"background-color":"var(--ast-global-color-4)","background-image":"","background-repeat":"repeat","background-position":"center center","background-size":"auto","background-attachment":"scroll","background-type":"","background-media":"","overlay-type":"","overlay-color":"","overlay-opacity":"","overlay-gradient":""}},"footnotes":""},"class_list":["post-1464","page","type-page","status-publish","hentry"],"_links":{"self":[{"href":"https:\/\/novalin.se\/sv\/wp-json\/wp\/v2\/pages\/1464","targetHints":{"allow":["GET"]}}],"collection":[{"href":"https:\/\/novalin.se\/sv\/wp-json\/wp\/v2\/pages"}],"about":[{"href":"https:\/\/novalin.se\/sv\/wp-json\/wp\/v2\/types\/page"}],"author":[{"embeddable":true,"href":"https:\/\/novalin.se\/sv\/wp-json\/wp\/v2\/users\/1"}],"replies":[{"embeddable":true,"href":"https:\/\/novalin.se\/sv\/wp-json\/wp\/v2\/comments?post=1464"}],"version-history":[{"count":76,"href":"https:\/\/novalin.se\/sv\/wp-json\/wp\/v2\/pages\/1464\/revisions"}],"predecessor-version":[{"id":2924,"href":"https:\/\/novalin.se\/sv\/wp-json\/wp\/v2\/pages\/1464\/revisions\/2924"}],"wp:attachment":[{"href":"https:\/\/novalin.se\/sv\/wp-json\/wp\/v2\/media?parent=1464"}],"curies":[{"name":"wp","href":"https:\/\/api.w.org\/{rel}","templated":true}]}}