{"id":1185,"date":"2025-07-03T13:08:29","date_gmt":"2025-07-03T11:08:29","guid":{"rendered":"https:\/\/novalin.se\/om-oss\/"},"modified":"2026-01-29T13:57:43","modified_gmt":"2026-01-29T12:57:43","slug":"om-oss","status":"publish","type":"page","link":"https:\/\/novalin.se\/sv\/om-oss\/","title":{"rendered":"Om oss"},"content":{"rendered":"\t\t<div data-elementor-type=\"wp-page\" data-elementor-id=\"1185\" class=\"elementor elementor-1185 elementor-126\" data-elementor-post-type=\"page\">\n\t\t\t\t<div class=\"elementor-element elementor-element-3ab16cb e-con-full e-flex e-con e-parent\" data-id=\"3ab16cb\" data-element_type=\"container\" data-e-type=\"container\">\n\t\t<div class=\"elementor-element elementor-element-ba1d336 e-con-full e-flex e-con e-child\" data-id=\"ba1d336\" data-element_type=\"container\" data-e-type=\"container\" data-settings=\"{&quot;background_background&quot;:&quot;video&quot;,&quot;background_video_link&quot;:&quot;https:\\\/\\\/novalin.se\\\/wp-content\\\/uploads\\\/2025\\\/05\\\/4673935_Worcestershire_England_1280x720-1.mp4&quot;}\">\n\t\t<div class=\"elementor-background-video-container elementor-hidden-mobile\">\n\t\t\t\t\t\t\t<video class=\"elementor-background-video-hosted\" role=\"presentation\" autoplay muted playsinline loop><\/video>\n\t\t\t\t\t<\/div>\t\t<div class=\"elementor-element elementor-element-2038d2e elementor-widget__width-initial elementor-widget elementor-widget-heading\" data-id=\"2038d2e\" data-element_type=\"widget\" data-e-type=\"widget\" data-widget_type=\"heading.default\">\n\t\t\t\t<div class=\"elementor-widget-container\">\n\t\t\t\t\t<h1 class=\"elementor-heading-title elementor-size-default\">Vi och arbetet bakom novalin<\/h1>\t\t\t\t<\/div>\n\t\t\t\t<\/div>\n\t\t\t\t<\/div>\n\t\t<div class=\"elementor-element elementor-element-5993171 e-con-full e-flex e-con e-child\" data-id=\"5993171\" data-element_type=\"container\" data-e-type=\"container\" data-settings=\"{&quot;background_background&quot;:&quot;classic&quot;}\">\n\t\t\t\t<div class=\"elementor-element elementor-element-2d9bc8f elementor-widget elementor-widget-spacer\" data-id=\"2d9bc8f\" data-element_type=\"widget\" data-e-type=\"widget\" data-widget_type=\"spacer.default\">\n\t\t\t\t<div class=\"elementor-widget-container\">\n\t\t\t\t\t\t\t<div class=\"elementor-spacer\">\n\t\t\t<div class=\"elementor-spacer-inner\"><\/div>\n\t\t<\/div>\n\t\t\t\t\t\t<\/div>\n\t\t\t\t<\/div>\n\t\t\t\t<div class=\"elementor-element elementor-element-09adc16 elementor-widget__width-initial elementor-widget-mobile__width-initial elementor-widget elementor-widget-text-editor\" data-id=\"09adc16\" data-element_type=\"widget\" data-e-type=\"widget\" data-widget_type=\"text-editor.default\">\n\t\t\t\t<div class=\"elementor-widget-container\">\n\t\t\t\t\t\t\t\t\t<div><div><p>Idag \u00e4gs och drivs Novalin av Kinnalin Tapet &amp; Logistik AB \u2013 f\u00f6retaget som har producerat varum\u00e4rkets lintapeter sedan 2008. M\u00e5nga av v\u00e5ra medarbetare har l\u00e5ng erfarenhet, och varum\u00e4rket i sig har en historia som str\u00e4cker sig \u00f6ver 60 \u00e5r i branschen <em><a href=\"https:\/\/novalin.se\/sv\/var-historia\/\">(L\u00e4s mer om v\u00e5r historia h\u00e4r).<\/a><\/em><\/p><\/div><div><p data-start=\"409\" data-end=\"618\">Vi \u00e4r en liten organisation med en stor passion f\u00f6r att leverera h\u00f6gkvalitativa produkter, tillverkade med noggrant utvalda material och metoder som str\u00e4var efter att minimera milj\u00f6p\u00e5verkan <em><a href=\"https:\/\/novalin.se\/sv\/om-hantverket\/\">(L\u00e4s mer om v\u00e5rt milj\u00f6arbete h\u00e4r).<\/a><\/em><\/p><\/div><div><div><p>V\u00e5r fabrik ligger i Kinna, Sverige. Maskinen vi anv\u00e4nder \u00e4r unik i sitt slag, och vi har hittills inte funnit n\u00e5gon annan producent som anv\u00e4nder liknande tillverkningsmetoder. D\u00e4rf\u00f6r tror vi att vi \u00e4r ensamma p\u00e5 marknaden med denna typ av design, vilket g\u00f6r Novalin till n\u00e5got alldeles unikt.<\/p><\/div><\/div><div><p data-start=\"830\" data-end=\"1060\">Vi anv\u00e4nder garn av 100 % linfibrer som odlas i Europa\u2013 en lyxig detalj som bidrar till produktens naturliga k\u00e4nsla. Slutresultatet \u00e4r ett samspel mellan m\u00e5nga faktorer genom hela leveranskedjan, vilket g\u00f6r att varje tapet b\u00e4r p\u00e5 en historia och ett genuint hantverk.<\/p><\/div><div><p data-start=\"1062\" data-end=\"1216\">F\u00f6r oss g\u00e5r autenticitet och ansvarstagande hand i hand \u2013 b\u00e5de i v\u00e5ra marknadsf\u00f6ringsbudskap och i sj\u00e4lva tillverkningen. Vi v\u00e4rdes\u00e4tter transparens och \u00e4rlighet i allt vi g\u00f6r.<\/p><\/div><div><div><p>V\u00e5rt fr\u00e4msta m\u00e5l \u00e4r att leverera en inredningsprodukt som h\u00e5ller \u00f6ver tid och st\u00e5r emot tillf\u00e4lliga trender. Vi tror p\u00e5 h\u00f6g kvalitet och tidl\u00f6s design. Vi arbetar st\u00e4ndigt med att utveckla och f\u00f6rb\u00e4ttra b\u00e5de produktens kvalitet och h\u00e5llbarhet.<\/p><p>Tack vare att vi har en egen, lokal fabrik kan vi \u00e4ven erbjuda viss flexibilitet n\u00e4r det g\u00e4ller kundspecifika \u00f6nskem\u00e5l om f\u00e4rg \u2013 och i vissa fall \u00e4ven design. Vi \u00e4r alltid \u00f6ppna f\u00f6r nya id\u00e9er som kan g\u00f6ra lintapeten \u00e4nnu mer speciell \u2013 b\u00e5de f\u00f6r oss och f\u00f6r v\u00e5ra kunder.<br \/>Novalin \u00e4r den tysta detaljen i ett rum \u2013 men nyckeln till sann harmoni.<\/p><\/div><\/div><p data-start=\"1218\" data-end=\"1454\">\u00a0<\/p><p data-start=\"1218\" data-end=\"1454\">\u00a0<\/p><p data-start=\"1218\" data-end=\"1454\">Med v\u00e4nliga h\u00e4lsningar,<\/p><p data-start=\"1218\" data-end=\"1454\">Teamet bakom Novalin.<\/p><p data-start=\"1218\" data-end=\"1454\">\u00a0<\/p><\/div>\t\t\t\t\t\t\t\t<\/div>\n\t\t\t\t<\/div>\n\t\t\t\t<\/div>\n\t\t\t\t<\/div>\n\t\t\t\t<\/div>\n\t\t","protected":false},"excerpt":{"rendered":"<p>Vi och arbetet bakom novalin Idag \u00e4gs och drivs Novalin av Kinnalin Tapet &amp; Logistik AB \u2013 f\u00f6retaget som har [&hellip;]<\/p>\n","protected":false},"author":1,"featured_media":0,"parent":0,"menu_order":0,"comment_status":"closed","ping_status":"closed","template":"","meta":{"site-sidebar-layout":"no-sidebar","site-content-layout":"","ast-site-content-layout":"full-width-container","site-content-style":"default","site-sidebar-style":"default","ast-global-header-display":"","ast-banner-title-visibility":"","ast-main-header-display":"","ast-hfb-above-header-display":"","ast-hfb-below-header-display":"","ast-hfb-mobile-header-display":"","site-post-title":"disabled","ast-breadcrumbs-content":"","ast-featured-img":"disabled","footer-sml-layout":"","ast-disable-related-posts":"","theme-transparent-header-meta":"","adv-header-id-meta":"","stick-header-meta":"","header-above-stick-meta":"","header-main-stick-meta":"","header-below-stick-meta":"","astra-migrate-meta-layouts":"default","ast-page-background-enabled":"default","ast-page-background-meta":{"desktop":{"background-color":"var(--ast-global-color-5)","background-image":"","background-repeat":"repeat","background-position":"center center","background-size":"auto","background-attachment":"scroll","background-type":"","background-media":"","overlay-type":"","overlay-color":"","overlay-opacity":"","overlay-gradient":""},"tablet":{"background-color":"","background-image":"","background-repeat":"repeat","background-position":"center center","background-size":"auto","background-attachment":"scroll","background-type":"","background-media":"","overlay-type":"","overlay-color":"","overlay-opacity":"","overlay-gradient":""},"mobile":{"background-color":"","background-image":"","background-repeat":"repeat","background-position":"center center","background-size":"auto","background-attachment":"scroll","background-type":"","background-media":"","overlay-type":"","overlay-color":"","overlay-opacity":"","overlay-gradient":""}},"ast-content-background-meta":{"desktop":{"background-color":"var(--ast-global-color-4)","background-image":"","background-repeat":"repeat","background-position":"center center","background-size":"auto","background-attachment":"scroll","background-type":"","background-media":"","overlay-type":"","overlay-color":"","overlay-opacity":"","overlay-gradient":""},"tablet":{"background-color":"var(--ast-global-color-4)","background-image":"","background-repeat":"repeat","background-position":"center center","background-size":"auto","background-attachment":"scroll","background-type":"","background-media":"","overlay-type":"","overlay-color":"","overlay-opacity":"","overlay-gradient":""},"mobile":{"background-color":"var(--ast-global-color-4)","background-image":"","background-repeat":"repeat","background-position":"center center","background-size":"auto","background-attachment":"scroll","background-type":"","background-media":"","overlay-type":"","overlay-color":"","overlay-opacity":"","overlay-gradient":""}},"footnotes":""},"class_list":["post-1185","page","type-page","status-publish","hentry"],"_links":{"self":[{"href":"https:\/\/novalin.se\/sv\/wp-json\/wp\/v2\/pages\/1185","targetHints":{"allow":["GET"]}}],"collection":[{"href":"https:\/\/novalin.se\/sv\/wp-json\/wp\/v2\/pages"}],"about":[{"href":"https:\/\/novalin.se\/sv\/wp-json\/wp\/v2\/types\/page"}],"author":[{"embeddable":true,"href":"https:\/\/novalin.se\/sv\/wp-json\/wp\/v2\/users\/1"}],"replies":[{"embeddable":true,"href":"https:\/\/novalin.se\/sv\/wp-json\/wp\/v2\/comments?post=1185"}],"version-history":[{"count":84,"href":"https:\/\/novalin.se\/sv\/wp-json\/wp\/v2\/pages\/1185\/revisions"}],"predecessor-version":[{"id":2821,"href":"https:\/\/novalin.se\/sv\/wp-json\/wp\/v2\/pages\/1185\/revisions\/2821"}],"wp:attachment":[{"href":"https:\/\/novalin.se\/sv\/wp-json\/wp\/v2\/media?parent=1185"}],"curies":[{"name":"wp","href":"https:\/\/api.w.org\/{rel}","templated":true}]}}